{"id":56,"date":"2017-03-09T10:46:37","date_gmt":"2017-03-09T10:46:37","guid":{"rendered":"http:\/\/em-showtechnic.de\/?page_id=56"},"modified":"2026-01-24T09:47:46","modified_gmt":"2026-01-24T09:47:46","slug":"referenzen","status":"publish","type":"page","link":"http:\/\/em-showtechnic.de\/?page_id=56","title":{"rendered":"Referenzen"},"content":{"rendered":"<p>einige Referenzen<\/p>\n<p>Feuerwehrjubil\u00e4um 75 Jahre der Wehren Fargau, Pratjau, Schlesen und Stoltenberg Konzertscheune Salzau Kommerz<\/p>\n<p>Gemeinde Sch\u00f6nberg div. Seebr\u00fcckenveranstaltungen der Gemeinde;  z.B. &#8222;Hardrock Festifal&#8220;, &#8220; Neujahrsempfang&#8220;,&#8220; Poetry Slam&#8220;, &#8220; Junge B\u00fchne&#8220;, &#8220; Kino am Meer&#8220;, &#8220; Jazznacht&#8220;, &#8220; Folkfestifal&#8220;<\/p>\n<p>Gemeinde Sch\u00f6nberg Vorstellungsrunden B\u00fcrgermeisterwahl<\/p>\n<p>Gemeinde Sch\u00f6nberg &#8220; Florian Schr\u00f6der&#8220;,&#8220; J\u00fcrgen Becker&#8220;, &#8220; Sch\u00f6nberg Talk&#8220;, &#8220; Cave Women&#8220;, &#8220; J\u00f6rg Jara&#8220;, &#8220; Bernd Stelter&#8220;, &#8220; Ingrid K\u00fchne&#8220;, &#8222;Pariser Flair&#8220;<\/p>\n<p>Deichfest Stein <\/p>\n<p>Feuerwehr Sch\u00f6nberg Konzert Musikzug Alt Duvenstedt<\/p>\n<p>Handwerkerzelt Kieler Umschlag Support der Band Mixed Age<\/p>\n<p>Gemeinde Stakendorf Feuerwehrjubil\u00e4um <\/p>\n<p>FF Schellhorn Feuerwehrjubil\u00e4um<\/p>\n<p>Einweihung Feuerwehr Technische Zentrale Kreis Pl\u00f6n<\/p>\n<p>125 Jahre Kreisfeuerwehrverband Pl\u00f6n Kommerz<\/p>\n<p>125 Jahre Feuerwehr Kal\u00fcbbe &#8220; Kommerz und bunter Nachmittag&#8220;<\/p>\n<p>125 Jahr Feuerwehrverband Kreis Pl\u00f6n &#8220; Blaulichttag&#8220;<\/p>\n<p>Kulturfestival SH 2020+  Livestram Fillipos Erlebnisgarten<\/p>\n<p>Mobile B\u00fchne   Bremen, Hamburg, Hartenholm, Westensee, Kiel, Neum\u00fcnster und mehr<\/p>\n<p>Klappstuhl Konzert Kulturverein Westensee<\/p>\n<p>Jahresempfang Stadt Flensburg 2022<\/p>\n<p>Cover Piraten Ton und Lichttechnisch mit und ohne mobile B\u00fchne<\/p>\n<p>Kieler Woche Tontechnik  B\u00fchne Piraten World<\/p>\n<p>Feuerwehr Laboe<\/p>\n<p>Bands\/ Musiker f\u00fcr die wir t\u00e4tig sind<\/p>\n<ul>\n<li><a href=\"http:\/\/www.nashvillecity.de\/\" rel=\"noopener\" target=\"_blank\">Nashville City<\/a>\n<li><a href=\"http:\/\/www.landslide.de\/\" rel=\"noopener\" target=\"_blank\">Landslide<\/a>\n<li><a href=\"http:\/\/www.mixed-age.com\" rel=\"noopener\" target=\"_blank\">Mixed Age<\/a>\n<li><a href=\"https:\/\/www.underpressure-band.de\/\" rel=\"noopener\" target=\"_blank\">Under Presssure<\/a>\n<li><a href=\"https:\/\/sites.google.com\/view\/oaesis\/home?fbclid=IwAR0EDGIYvSgrFCYa5fV8apXUj9l750CT-UvxbJVyNROUpvYkEBdu00KSQ1E\" target=\"_blank\" rel=\"noopener noreferrer\">O\u00e4sis<\/a>\n<li><a href=\"https:\/\/www.coverpiraten.de\/\" rel=\"noopener\" target=\"_blank\">Cover Piraten<\/a>\n<li><a href=\"https:\/\/www.christian-martius.de\/\" rel=\"noopener\" target=\"_blank\">Chris Martius<\/a>\n<li><a href=\"https:\/\/www.thebalticscots.de\/\" rel=\"noopener\" target=\"_blank\">The Baltic Scots<\/a>\n<li><a href=\"http:\/\/https:\/\/blackfire-vt.de\/\" rel=\"noopener\" target=\"_blank\"><\/a>\n<\/ul>\n<p>Firmen mit denen wir zusammenarbeiten<\/p>\n<li><a href=\"http:\/\/blackfire-vt.de\/\" rel=\"noopener\" target=\"_blank\">BLACKFIRE Veranstaltungstechnik<\/a>\n<li><a href=\"https:\/\/www.contzept.de\/\" rel=\"noopener\" target=\"_blank\">Contzept Veranstaltungstechnik<\/a>\n<li><a href=\"https:\/\/www.opus-kiel.de\/\" rel=\"noopener\" target=\"_blank\">Opus Veranstaltungstechnik<\/a>\n<li><a href=\"http:\/\/www.k\u00fcsten-klang.com\/\" rel=\"noopener\" target=\"_blank\">Studio K\u00fcstenklang<\/a>\n<li><a href=\"https:\/\/ideas-in-light.de\/\" rel=\"noopener\" target=\"_blank\">Ideas in Light<\/a>\n<li><a href=\"https:\/\/ideas-in-light.de\/\" rel=\"noopener\" target=\"_blank\">Ideas in Light<\/a>\n<li><a href=\"http:\/\/www.rent-a-circus.de\/\/\" rel=\"noopener\" target=\"_blank\">rent-a-circus<\/a>\n<li> Baltik PA,<br \/>\n","protected":false},"excerpt":{"rendered":"<p>einige Referenzen Feuerwehrjubil\u00e4um 75 Jahre der Wehren Fargau, Pratjau, Schlesen und Stoltenberg Konzertscheune Salzau Kommerz Gemeinde Sch\u00f6nberg div. Seebr\u00fcckenveranstaltungen der Gemeinde; z.B. &#8222;Hardrock Festifal&#8220;, &#8220; Neujahrsempfang&#8220;,&#8220; Poetry Slam&#8220;, &#8220; Junge B\u00fchne&#8220;, &#8220; Kino am Meer&#8220;, &#8220; Jazznacht&#8220;, &#8220; Folkfestifal&#8220; Gemeinde Sch\u00f6nberg Vorstellungsrunden B\u00fcrgermeisterwahl Gemeinde Sch\u00f6nberg &#8220; Florian Schr\u00f6der&#8220;,&#8220; J\u00fcrgen Becker&#8220;, <a class=\"read-more\" href=\"http:\/\/em-showtechnic.de\/?page_id=56\">Weiterlesen<\/a><\/p>\n","protected":false},"author":1,"featured_media":0,"parent":0,"menu_order":0,"comment_status":"closed","ping_status":"closed","template":"","meta":{"footnotes":""},"class_list":["post-56","page","type-page","status-publish","hentry"],"_links":{"self":[{"href":"http:\/\/em-showtechnic.de\/index.php?rest_route=\/wp\/v2\/pages\/56","targetHints":{"allow":["GET"]}}],"collection":[{"href":"http:\/\/em-showtechnic.de\/index.php?rest_route=\/wp\/v2\/pages"}],"about":[{"href":"http:\/\/em-showtechnic.de\/index.php?rest_route=\/wp\/v2\/types\/page"}],"author":[{"embeddable":true,"href":"http:\/\/em-showtechnic.de\/index.php?rest_route=\/wp\/v2\/users\/1"}],"replies":[{"embeddable":true,"href":"http:\/\/em-showtechnic.de\/index.php?rest_route=%2Fwp%2Fv2%2Fcomments&post=56"}],"version-history":[{"count":31,"href":"http:\/\/em-showtechnic.de\/index.php?rest_route=\/wp\/v2\/pages\/56\/revisions"}],"predecessor-version":[{"id":235,"href":"http:\/\/em-showtechnic.de\/index.php?rest_route=\/wp\/v2\/pages\/56\/revisions\/235"}],"wp:attachment":[{"href":"http:\/\/em-showtechnic.de\/index.php?rest_route=%2Fwp%2Fv2%2Fmedia&parent=56"}],"curies":[{"name":"wp","href":"https:\/\/api.w.org\/{rel}","templated":true}]}}